{"id":1115,"date":"2013-04-05T23:21:07","date_gmt":"2013-04-06T04:21:07","guid":{"rendered":"http:\/\/servidor-hp.com.co\/netcomp\/producto\/g-upr-506-ups-cdp-interactiva-regulada-g-upr-506-5\/"},"modified":"2021-03-24T10:53:56","modified_gmt":"2021-03-24T15:53:56","slug":"g-upr-506-ups-cdp-interactiva-regulada-g-upr-506-5","status":"publish","type":"product","link":"https:\/\/servidor-hp.com.co\/netcomp\/servidores\/inicio\/ups-apc-cdp-nicomar\/g-upr-506-ups-cdp-interactiva-regulada-g-upr-506-5\/","title":{"rendered":"UPS CDP Interactiva Regulada G-UPR 506 5"},"content":{"rendered":"<h1 style=\"text-align: center;\"><span style=\"color: #000080;\"><strong style=\"font-size: 3.4375rem;\"><span style=\"font-family: tahoma, arial, helvetica, sans-serif; font-size: 12pt;\"><span style=\"font-size: 36pt;\">UPS CDP<\/span><\/span><\/strong><\/span><strong style=\"color: #000080; font-size: 3.4375rem;\"><span style=\"font-family: tahoma, arial, helvetica, sans-serif; font-size: 12pt;\"><span style=\"font-size: 36pt;\">&#8211;<\/span><\/span><\/strong><strong style=\"color: #000080; font-size: 3.4375rem;\"><span style=\"font-family: tahoma, arial, helvetica, sans-serif; font-size: 12pt;\"><span style=\"font-size: 36pt;\">N-P: G-UPR 506\u00a0\u00a0<\/span><\/span><\/strong><\/h1>\n<h2><span style=\"font-family: tahoma, arial, helvetica, sans-serif; font-size: 14pt; color: #000000;\">Cuando la carga total conectada a las tomas marcadas como \u201cECO Outlets\u201d es menor a 35 Watts el UPS esperara 1 minuto y pasara a modo verde con el fin de eliminar el desperdicio de energ\u00eda de los equipos en estado de \u201cStandBy\u201d. Si antes de que pasen los 60 segundos el consumo total de las cargas conectadas en los \u201cECO Outlets\u201d supera los 35w las tomas seguir\u00e1n habilitadas para trabajar. Las tomas marcadas cini \u201cRouter y Modem\u201d estar\u00e1n trabajando todo el tiempo sin importar la carga conectada en las tomas \u201cEco Outlets\u201d.<\/span><\/h2>\n<h3><span style=\"font-family: tahoma, arial, helvetica, sans-serif; font-size: 14pt; color: #000000;\">Capacidad 500 Va.<\/span><br \/>\n<span style=\"font-family: tahoma, arial, helvetica, sans-serif; font-size: 14pt; color: #000000;\">Tiempo de autonom\u00eda para una PC 5 a 10 min.<\/span><br \/>\n<span style=\"font-family: tahoma, arial, helvetica, sans-serif; font-size: 14pt; color: #000000;\">Voltaje 120 Va.<\/span><br \/>\n<span style=\"font-family: tahoma, arial, helvetica, sans-serif; font-size: 14pt; color: #000000;\">Rango de entrada 90-147 V.<\/span><br \/>\n<span style=\"font-family: tahoma, arial, helvetica, sans-serif; font-size: 14pt; color: #000000;\">Frecuencia de entrada 60Hz.<\/span><\/h3>\n<h3><span style=\"font-family: tahoma, arial, helvetica, sans-serif; font-size: 14pt; color: #000000;\">Tomas 3 ECO-salidas, 2 salidas Router\/M\u00f3dem, 1 Bypass.<\/span><br \/>\n<span style=\"font-family: tahoma, arial, helvetica, sans-serif; font-size: 14pt; color: #000000;\">Peso 4.6Kg.<\/span><br \/>\n<span style=\"font-family: tahoma, arial, helvetica, sans-serif; font-size: 14pt; color: #000000;\">Dimensiones 260 x 85 x 140 mm<\/span><\/h3>\n<h3><span style=\"font-family: tahoma, arial, helvetica, sans-serif; font-size: 14pt; color: #000000;\">Interactiva Regulada G-UPR 506 500va\/300w.<\/span><\/h3>\n<h3><span style=\"font-family: tahoma, arial, helvetica, sans-serif; font-size: 14pt; color: #000000;\">6 Tomas Nema 5-15. 3 ECO.\u00a0<\/span><\/h3>\n<h3><span style=\"font-family: tahoma, arial, helvetica, sans-serif; font-size: 14pt; color: #000000;\">Onda senosoidal de AC \/ modificacion de onda sinusoidal en el inversor.\u00a0<\/span><\/h3>\n<h3><span style=\"font-family: tahoma, arial, helvetica, sans-serif; font-size: 14pt; color: #000000;\">Respaldo: 10 min a media carga &#8211; 4 minutos a full carga.\u00a0<\/span><\/h3>\n<h3><span style=\"font-family: tahoma, arial, helvetica, sans-serif; font-size: 14pt; color: #000000;\">Garantia :2 a\u00f1os<\/span><\/h3>\n<p>&nbsp;<\/p>\n<p>&nbsp;<\/p>\n<h2 style=\"margin: 18px 0px 9px; padding: 0px; border: 0px; font-style: normal; font-weight: 500; line-height: 1.1; font-family: Arial, Helvetica, sans-serif; font-size: 27px; vertical-align: baseline; color: #777777; letter-spacing: normal; text-indent: 0px; text-transform: none; background-color: #ffffff; text-align: center;\"><a href=\"https:\/\/servidor-hp.com.co\/netcomp\/servidores-hp\/servidores-hp\/\"><span style=\"margin: 0px; padding: 0px; border: 0px; font-style: inherit; font-variant: inherit; font-weight: inherit; line-height: inherit; font-family: tahoma, arial, helvetica, sans-serif; font-size: 14pt; vertical-align: baseline; color: #ff0000;\"><strong style=\"margin: 0px; padding: 0px; border: 0px; font-style: inherit; font-variant: inherit; font-weight: bold; line-height: inherit; font-family: inherit; font-size: 18.6667px; vertical-align: baseline;\">DISPONEMOS DE UNA AMPLIA GAMA DE SERVIDOR HP PROLIANT NUEVOS Y USADOS<\/strong><\/span><\/a><\/h2>\n<h2 style=\"text-align: center;\"><a href=\"https:\/\/servidor-hp.com.co\/netcomp\/servidores-hp\/servidores-hp\/\"><span style=\"color: #ff0000; font-family: tahoma, arial, helvetica, sans-serif; font-size: 14pt;\"><strong>PARA <\/strong><\/span><span style=\"color: #ff0000; font-family: tahoma, arial, helvetica, sans-serif; font-size: 14pt;\"><strong>VENTA \/ ARRENDAMIENTO \/ ALQUILER :<\/strong><\/span><\/a><\/h2>\n<h2 style=\"text-align: center;\"><a href=\"https:\/\/servidor-hp.com.co\/netcomp\/servidores-hp\/servidores-hp\/\"><span style=\"color: #ff0000; font-family: tahoma, arial, helvetica, sans-serif; font-size: 14pt;\"><strong>ML110 \/ ML350 \/ ML150 \/ DL320 \/ DL360 \/ DL380<\/strong><\/span><\/a><\/h2>\n<h3><a href=\"https:\/\/api.whatsapp.com\/send?phone=573168788749\" target=\"_blank\" rel=\"noopener noreferrer\"><img loading=\"lazy\" decoding=\"async\" class=\"wp-image-20467 aligncenter\" src=\"http:\/\/cableado-estructurado.com.co\/netcomp\/wp-content\/uploads\/2018\/07\/whatsapp-logo-mensaje.jpg\" alt=\"\" width=\"290\" height=\"220\" \/><\/a><\/h3>\n<p><img loading=\"lazy\" decoding=\"async\" class=\"wp-image-21775 aligncenter\" src=\"https:\/\/servidor-hp.com.co\/netcomp\/wp-content\/uploads\/2019\/05\/boton-ventas-servidor.png\" alt=\"\" width=\"495\" height=\"153\" \/><\/p>\n<p style=\"text-align: center;\">\n","protected":false},"excerpt":{"rendered":"<ul>\n<li>Controles potentes basados en microprocesadores para una mayor confiabilidad con regulaci\u00f3n autom\u00e1tica de la tensi\u00f3n.<\/li>\n<li>Dise\u00f1ado para proveer a\u00f1os de protecci\u00f3n a los equipos de computaci\u00f3n y sus perif\u00e9ricos.<\/li>\n<li>Cargador de bater\u00eda de alto nivel para prolongar su longevidad y cargarla completamente.<\/li>\n<li>Protecci\u00f3n de sobrecarga durante el modo de funcionamiento y de bater\u00eda<\/li>\n<li>Se puede encender sin conectarlo a la corriente.<\/li>\n<\/ul>\n","protected":false},"featured_media":22322,"comment_status":"open","ping_status":"closed","template":"","meta":{"_et_pb_use_builder":"","_et_pb_old_content":"","_et_gb_content_width":""},"product_brand":[],"product_cat":[79,42],"product_tag":[144,519,516,328,517,1114,518,331,329,521,321,520],"class_list":{"0":"post-1115","1":"product","2":"type-product","3":"status-publish","4":"has-post-thumbnail","6":"product_cat-inicio","7":"product_cat-ups-apc-cdp-nicomar","8":"product_tag-colombia","9":"product_tag-controladora-raid","10":"product_tag-disco-duro-sas","11":"product_tag-dl380","12":"product_tag-fuente-de-poder","13":"product_tag-g-upr-506","14":"product_tag-hp","15":"product_tag-ml350-bogota","16":"product_tag-precio-servidor-hp","17":"product_tag-proliant","18":"product_tag-servidor-hp","19":"product_tag-servidor-rack","21":"first","22":"instock","23":"shipping-taxable","24":"purchasable","25":"product-type-simple"},"yoast_head":"<!-- This site is optimized with the Yoast SEO plugin v27.2 - https:\/\/yoast.com\/product\/yoast-seo-wordpress\/ -->\n<title>UPS CDP Interactiva Regulada G-UPR 506 5 - Servidores HP - Nuevos - Usados - Alquiler<\/title>\n<meta name=\"description\" content=\"UPS CDP Interactiva Regulada G-UPR 506 5 - - Precio y Disponibilidad en Bogota - Colombia - servidor-hp.com.co\" \/>\n<meta name=\"robots\" content=\"index, follow, max-snippet:-1, max-image-preview:large, max-video-preview:-1\" \/>\n<link rel=\"canonical\" href=\"https:\/\/servidor-hp.com.co\/netcomp\/servidores\/inicio\/ups-apc-cdp-nicomar\/g-upr-506-ups-cdp-interactiva-regulada-g-upr-506-5\/\" \/>\n<meta property=\"og:locale\" content=\"es_ES\" \/>\n<meta property=\"og:type\" content=\"article\" \/>\n<meta property=\"og:title\" content=\"UPS CDP Interactiva Regulada G-UPR 506 5 - Servidores HP - Nuevos - Usados - Alquiler\" \/>\n<meta property=\"og:description\" content=\"UPS CDP Interactiva Regulada G-UPR 506 5 - - Precio y Disponibilidad en Bogota - Colombia - servidor-hp.com.co\" \/>\n<meta property=\"og:url\" content=\"https:\/\/servidor-hp.com.co\/netcomp\/servidores\/inicio\/ups-apc-cdp-nicomar\/g-upr-506-ups-cdp-interactiva-regulada-g-upr-506-5\/\" \/>\n<meta property=\"og:site_name\" content=\"Servidores HP - Nuevos - Usados - Alquiler\" \/>\n<meta property=\"article:modified_time\" content=\"2021-03-24T15:53:56+00:00\" \/>\n<meta property=\"og:image\" content=\"https:\/\/servidor-hp.com.co\/netcomp\/wp-content\/uploads\/2013\/04\/CP-CDP-G-UPR506-1.jpg\" \/>\n\t<meta property=\"og:image:width\" content=\"500\" \/>\n\t<meta property=\"og:image:height\" content=\"507\" \/>\n\t<meta property=\"og:image:type\" content=\"image\/jpeg\" \/>\n<meta name=\"twitter:card\" content=\"summary_large_image\" \/>\n<meta name=\"twitter:label1\" content=\"Tiempo de lectura\" \/>\n\t<meta name=\"twitter:data1\" content=\"1 minuto\" \/>\n<script type=\"application\/ld+json\" class=\"yoast-schema-graph\">{\"@context\":\"https:\/\/schema.org\",\"@graph\":[{\"@type\":\"WebPage\",\"@id\":\"https:\/\/servidor-hp.com.co\/netcomp\/servidores\/inicio\/ups-apc-cdp-nicomar\/g-upr-506-ups-cdp-interactiva-regulada-g-upr-506-5\/\",\"url\":\"https:\/\/servidor-hp.com.co\/netcomp\/servidores\/inicio\/ups-apc-cdp-nicomar\/g-upr-506-ups-cdp-interactiva-regulada-g-upr-506-5\/\",\"name\":\"UPS CDP Interactiva Regulada G-UPR 506 5 - Servidores HP - Nuevos - Usados - Alquiler\",\"isPartOf\":{\"@id\":\"https:\/\/servidor-hp.com.co\/netcomp\/#website\"},\"primaryImageOfPage\":{\"@id\":\"https:\/\/servidor-hp.com.co\/netcomp\/servidores\/inicio\/ups-apc-cdp-nicomar\/g-upr-506-ups-cdp-interactiva-regulada-g-upr-506-5\/#primaryimage\"},\"image\":{\"@id\":\"https:\/\/servidor-hp.com.co\/netcomp\/servidores\/inicio\/ups-apc-cdp-nicomar\/g-upr-506-ups-cdp-interactiva-regulada-g-upr-506-5\/#primaryimage\"},\"thumbnailUrl\":\"https:\/\/servidor-hp.com.co\/netcomp\/wp-content\/uploads\/2013\/04\/CP-CDP-G-UPR506-1.jpg\",\"datePublished\":\"2013-04-06T04:21:07+00:00\",\"dateModified\":\"2021-03-24T15:53:56+00:00\",\"description\":\"UPS CDP Interactiva Regulada G-UPR 506 5 - - Precio y Disponibilidad en Bogota - Colombia - servidor-hp.com.co\",\"breadcrumb\":{\"@id\":\"https:\/\/servidor-hp.com.co\/netcomp\/servidores\/inicio\/ups-apc-cdp-nicomar\/g-upr-506-ups-cdp-interactiva-regulada-g-upr-506-5\/#breadcrumb\"},\"inLanguage\":\"es\",\"potentialAction\":[{\"@type\":\"ReadAction\",\"target\":[\"https:\/\/servidor-hp.com.co\/netcomp\/servidores\/inicio\/ups-apc-cdp-nicomar\/g-upr-506-ups-cdp-interactiva-regulada-g-upr-506-5\/\"]}]},{\"@type\":\"ImageObject\",\"inLanguage\":\"es\",\"@id\":\"https:\/\/servidor-hp.com.co\/netcomp\/servidores\/inicio\/ups-apc-cdp-nicomar\/g-upr-506-ups-cdp-interactiva-regulada-g-upr-506-5\/#primaryimage\",\"url\":\"https:\/\/servidor-hp.com.co\/netcomp\/wp-content\/uploads\/2013\/04\/CP-CDP-G-UPR506-1.jpg\",\"contentUrl\":\"https:\/\/servidor-hp.com.co\/netcomp\/wp-content\/uploads\/2013\/04\/CP-CDP-G-UPR506-1.jpg\",\"width\":500,\"height\":507},{\"@type\":\"BreadcrumbList\",\"@id\":\"https:\/\/servidor-hp.com.co\/netcomp\/servidores\/inicio\/ups-apc-cdp-nicomar\/g-upr-506-ups-cdp-interactiva-regulada-g-upr-506-5\/#breadcrumb\",\"itemListElement\":[{\"@type\":\"ListItem\",\"position\":1,\"name\":\"Portada\",\"item\":\"https:\/\/servidor-hp.com.co\/netcomp\/\"},{\"@type\":\"ListItem\",\"position\":2,\"name\":\"Tienda\",\"item\":\"https:\/\/servidor-hp.com.co\/netcomp\/servidores\/\"},{\"@type\":\"ListItem\",\"position\":3,\"name\":\"UPS CDP Interactiva Regulada G-UPR 506 5\"}]},{\"@type\":\"WebSite\",\"@id\":\"https:\/\/servidor-hp.com.co\/netcomp\/#website\",\"url\":\"https:\/\/servidor-hp.com.co\/netcomp\/\",\"name\":\"Servidores HP - Nuevos - Usados - Alquiler\",\"description\":\"Tels: (+57) 316 878 8749\",\"alternateName\":\"Servidores HP DELL LENOVO IBM\",\"potentialAction\":[{\"@type\":\"SearchAction\",\"target\":{\"@type\":\"EntryPoint\",\"urlTemplate\":\"https:\/\/servidor-hp.com.co\/netcomp\/?s={search_term_string}\"},\"query-input\":{\"@type\":\"PropertyValueSpecification\",\"valueRequired\":true,\"valueName\":\"search_term_string\"}}],\"inLanguage\":\"es\"}]}<\/script>\n<!-- \/ Yoast SEO plugin. -->","yoast_head_json":{"title":"UPS CDP Interactiva Regulada G-UPR 506 5 - Servidores HP - Nuevos - Usados - Alquiler","description":"UPS CDP Interactiva Regulada G-UPR 506 5 - - Precio y Disponibilidad en Bogota - Colombia - servidor-hp.com.co","robots":{"index":"index","follow":"follow","max-snippet":"max-snippet:-1","max-image-preview":"max-image-preview:large","max-video-preview":"max-video-preview:-1"},"canonical":"https:\/\/servidor-hp.com.co\/netcomp\/servidores\/inicio\/ups-apc-cdp-nicomar\/g-upr-506-ups-cdp-interactiva-regulada-g-upr-506-5\/","og_locale":"es_ES","og_type":"article","og_title":"UPS CDP Interactiva Regulada G-UPR 506 5 - Servidores HP - Nuevos - Usados - Alquiler","og_description":"UPS CDP Interactiva Regulada G-UPR 506 5 - - Precio y Disponibilidad en Bogota - Colombia - servidor-hp.com.co","og_url":"https:\/\/servidor-hp.com.co\/netcomp\/servidores\/inicio\/ups-apc-cdp-nicomar\/g-upr-506-ups-cdp-interactiva-regulada-g-upr-506-5\/","og_site_name":"Servidores HP - Nuevos - Usados - Alquiler","article_modified_time":"2021-03-24T15:53:56+00:00","og_image":[{"width":500,"height":507,"url":"https:\/\/servidor-hp.com.co\/netcomp\/wp-content\/uploads\/2013\/04\/CP-CDP-G-UPR506-1.jpg","type":"image\/jpeg"}],"twitter_card":"summary_large_image","twitter_misc":{"Tiempo de lectura":"1 minuto"},"schema":{"@context":"https:\/\/schema.org","@graph":[{"@type":"WebPage","@id":"https:\/\/servidor-hp.com.co\/netcomp\/servidores\/inicio\/ups-apc-cdp-nicomar\/g-upr-506-ups-cdp-interactiva-regulada-g-upr-506-5\/","url":"https:\/\/servidor-hp.com.co\/netcomp\/servidores\/inicio\/ups-apc-cdp-nicomar\/g-upr-506-ups-cdp-interactiva-regulada-g-upr-506-5\/","name":"UPS CDP Interactiva Regulada G-UPR 506 5 - Servidores HP - Nuevos - Usados - Alquiler","isPartOf":{"@id":"https:\/\/servidor-hp.com.co\/netcomp\/#website"},"primaryImageOfPage":{"@id":"https:\/\/servidor-hp.com.co\/netcomp\/servidores\/inicio\/ups-apc-cdp-nicomar\/g-upr-506-ups-cdp-interactiva-regulada-g-upr-506-5\/#primaryimage"},"image":{"@id":"https:\/\/servidor-hp.com.co\/netcomp\/servidores\/inicio\/ups-apc-cdp-nicomar\/g-upr-506-ups-cdp-interactiva-regulada-g-upr-506-5\/#primaryimage"},"thumbnailUrl":"https:\/\/servidor-hp.com.co\/netcomp\/wp-content\/uploads\/2013\/04\/CP-CDP-G-UPR506-1.jpg","datePublished":"2013-04-06T04:21:07+00:00","dateModified":"2021-03-24T15:53:56+00:00","description":"UPS CDP Interactiva Regulada G-UPR 506 5 - - Precio y Disponibilidad en Bogota - Colombia - servidor-hp.com.co","breadcrumb":{"@id":"https:\/\/servidor-hp.com.co\/netcomp\/servidores\/inicio\/ups-apc-cdp-nicomar\/g-upr-506-ups-cdp-interactiva-regulada-g-upr-506-5\/#breadcrumb"},"inLanguage":"es","potentialAction":[{"@type":"ReadAction","target":["https:\/\/servidor-hp.com.co\/netcomp\/servidores\/inicio\/ups-apc-cdp-nicomar\/g-upr-506-ups-cdp-interactiva-regulada-g-upr-506-5\/"]}]},{"@type":"ImageObject","inLanguage":"es","@id":"https:\/\/servidor-hp.com.co\/netcomp\/servidores\/inicio\/ups-apc-cdp-nicomar\/g-upr-506-ups-cdp-interactiva-regulada-g-upr-506-5\/#primaryimage","url":"https:\/\/servidor-hp.com.co\/netcomp\/wp-content\/uploads\/2013\/04\/CP-CDP-G-UPR506-1.jpg","contentUrl":"https:\/\/servidor-hp.com.co\/netcomp\/wp-content\/uploads\/2013\/04\/CP-CDP-G-UPR506-1.jpg","width":500,"height":507},{"@type":"BreadcrumbList","@id":"https:\/\/servidor-hp.com.co\/netcomp\/servidores\/inicio\/ups-apc-cdp-nicomar\/g-upr-506-ups-cdp-interactiva-regulada-g-upr-506-5\/#breadcrumb","itemListElement":[{"@type":"ListItem","position":1,"name":"Portada","item":"https:\/\/servidor-hp.com.co\/netcomp\/"},{"@type":"ListItem","position":2,"name":"Tienda","item":"https:\/\/servidor-hp.com.co\/netcomp\/servidores\/"},{"@type":"ListItem","position":3,"name":"UPS CDP Interactiva Regulada G-UPR 506 5"}]},{"@type":"WebSite","@id":"https:\/\/servidor-hp.com.co\/netcomp\/#website","url":"https:\/\/servidor-hp.com.co\/netcomp\/","name":"Servidores HP - Nuevos - Usados - Alquiler","description":"Tels: (+57) 316 878 8749","alternateName":"Servidores HP DELL LENOVO IBM","potentialAction":[{"@type":"SearchAction","target":{"@type":"EntryPoint","urlTemplate":"https:\/\/servidor-hp.com.co\/netcomp\/?s={search_term_string}"},"query-input":{"@type":"PropertyValueSpecification","valueRequired":true,"valueName":"search_term_string"}}],"inLanguage":"es"}]}},"_links":{"self":[{"href":"https:\/\/servidor-hp.com.co\/netcomp\/wp-json\/wp\/v2\/product\/1115","targetHints":{"allow":["GET"]}}],"collection":[{"href":"https:\/\/servidor-hp.com.co\/netcomp\/wp-json\/wp\/v2\/product"}],"about":[{"href":"https:\/\/servidor-hp.com.co\/netcomp\/wp-json\/wp\/v2\/types\/product"}],"replies":[{"embeddable":true,"href":"https:\/\/servidor-hp.com.co\/netcomp\/wp-json\/wp\/v2\/comments?post=1115"}],"wp:featuredmedia":[{"embeddable":true,"href":"https:\/\/servidor-hp.com.co\/netcomp\/wp-json\/wp\/v2\/media\/22322"}],"wp:attachment":[{"href":"https:\/\/servidor-hp.com.co\/netcomp\/wp-json\/wp\/v2\/media?parent=1115"}],"wp:term":[{"taxonomy":"product_brand","embeddable":true,"href":"https:\/\/servidor-hp.com.co\/netcomp\/wp-json\/wp\/v2\/product_brand?post=1115"},{"taxonomy":"product_cat","embeddable":true,"href":"https:\/\/servidor-hp.com.co\/netcomp\/wp-json\/wp\/v2\/product_cat?post=1115"},{"taxonomy":"product_tag","embeddable":true,"href":"https:\/\/servidor-hp.com.co\/netcomp\/wp-json\/wp\/v2\/product_tag?post=1115"}],"curies":[{"name":"wp","href":"https:\/\/api.w.org\/{rel}","templated":true}]}}